{"id":79,"date":"2025-01-10T07:46:49","date_gmt":"2025-01-10T07:46:49","guid":{"rendered":"https:\/\/powderblue-gnat-963498.hostingersite.com\/?page_id=79"},"modified":"2025-06-18T07:19:59","modified_gmt":"2025-06-18T07:19:59","slug":"servicios","status":"publish","type":"page","link":"https:\/\/ledesmainstalacions.com\/ca\/servicios\/","title":{"rendered":"Serveis"},"content":{"rendered":"<div data-elementor-type=\"wp-page\" data-elementor-id=\"79\" class=\"elementor elementor-79\" data-elementor-post-type=\"page\">\n\t\t\t\t\t\t<section class=\"elementor-section elementor-top-section elementor-element elementor-element-463af619 elementor-section-boxed elementor-section-height-default elementor-section-height-default\" data-id=\"463af619\" data-element_type=\"section\" data-settings=\"{&quot;background_background&quot;:&quot;video&quot;,&quot;background_video_link&quot;:&quot;https:\\\/\\\/powderblue-gnat-963498.hostingersite.com\\\/wp-content\\\/uploads\\\/2025\\\/06\\\/8853516-hd_1920_1080_24fps.mp4&quot;,&quot;background_play_on_mobile&quot;:&quot;yes&quot;}\">\n\t\t\t\t\t\t\t\t<div class=\"elementor-background-video-container\" aria-hidden=\"true\">\n\t\t\t\t\t\t\t\t\t\t\t\t\t<video class=\"elementor-background-video-hosted\" autoplay muted playsinline loop><\/video>\n\t\t\t\t\t\t\t\t\t\t\t<\/div>\n\t\t\t\t\t\t\t\t\t<div class=\"elementor-background-overlay\"><\/div>\n\t\t\t\t\t\t\t<div class=\"elementor-container elementor-column-gap-default\">\n\t\t\t\t\t<div class=\"elementor-column elementor-col-100 elementor-top-column elementor-element elementor-element-45a9128\" data-id=\"45a9128\" data-element_type=\"column\">\n\t\t\t<div class=\"elementor-widget-wrap elementor-element-populated\">\n\t\t\t\t\t\t\t<\/div>\n\t\t<\/div>\n\t\t\t\t\t<\/div>\n\t\t<\/section>\n\t\t\t\t<section class=\"elementor-section elementor-top-section elementor-element elementor-element-1a5c291d elementor-section-boxed elementor-section-height-default elementor-section-height-default\" data-id=\"1a5c291d\" data-element_type=\"section\" data-settings=\"{&quot;background_background&quot;:&quot;classic&quot;}\">\n\t\t\t\t\t\t<div class=\"elementor-container elementor-column-gap-no\">\n\t\t\t\t\t<div class=\"elementor-column elementor-col-100 elementor-top-column elementor-element elementor-element-4c53ae88\" data-id=\"4c53ae88\" data-element_type=\"column\">\n\t\t\t<div class=\"elementor-widget-wrap elementor-element-populated\">\n\t\t\t\t\t\t<div class=\"elementor-element elementor-element-cc6e763 elementor-widget elementor-widget-heading\" data-id=\"cc6e763\" data-element_type=\"widget\" data-widget_type=\"heading.default\">\n\t\t\t\t<div class=\"elementor-widget-container\">\n\t\t\t\t\t<h2 class=\"elementor-heading-title elementor-size-default\">Serveis t\u00e8cnics integrals per a la teva llar i negoci<\/h2>\t\t\t\t<\/div>\n\t\t\t\t<\/div>\n\t\t\t\t<section class=\"elementor-section elementor-inner-section elementor-element elementor-element-72d951f5 elementor-section-boxed elementor-section-height-default elementor-section-height-default\" data-id=\"72d951f5\" data-element_type=\"section\">\n\t\t\t\t\t\t<div class=\"elementor-container elementor-column-gap-default\">\n\t\t\t\t\t<div class=\"elementor-column elementor-col-33 elementor-inner-column elementor-element elementor-element-75244dbf\" data-id=\"75244dbf\" data-element_type=\"column\" data-settings=\"{&quot;background_background&quot;:&quot;classic&quot;}\">\n\t\t\t<div class=\"elementor-widget-wrap elementor-element-populated\">\n\t\t\t\t\t\t<div class=\"elementor-element elementor-element-2e07958d elementor-widget elementor-widget-image\" data-id=\"2e07958d\" data-element_type=\"widget\" data-widget_type=\"image.default\">\n\t\t\t\t<div class=\"elementor-widget-container\">\n\t\t\t\t\t\t\t\t\t\t\t\t\t\t\t<img fetchpriority=\"high\" decoding=\"async\" width=\"800\" height=\"534\" src=\"https:\/\/ledesmainstalacions.com\/wp-content\/uploads\/2025\/06\/pexels-field-engineer-147254-442160-1024x683.jpg\" class=\"attachment-large size-large wp-image-249\" alt=\"\" srcset=\"https:\/\/ledesmainstalacions.com\/wp-content\/uploads\/2025\/06\/pexels-field-engineer-147254-442160-1024x683.jpg 1024w, https:\/\/ledesmainstalacions.com\/wp-content\/uploads\/2025\/06\/pexels-field-engineer-147254-442160-300x200.jpg 300w, https:\/\/ledesmainstalacions.com\/wp-content\/uploads\/2025\/06\/pexels-field-engineer-147254-442160-768x512.jpg 768w, https:\/\/ledesmainstalacions.com\/wp-content\/uploads\/2025\/06\/pexels-field-engineer-147254-442160-1536x1024.jpg 1536w, https:\/\/ledesmainstalacions.com\/wp-content\/uploads\/2025\/06\/pexels-field-engineer-147254-442160-2048x1365.jpg 2048w\" sizes=\"(max-width: 800px) 100vw, 800px\" \/>\t\t\t\t\t\t\t\t\t\t\t\t\t\t\t<\/div>\n\t\t\t\t<\/div>\n\t\t\t\t<div class=\"elementor-element elementor-element-9aef4ce elementor-widget elementor-widget-heading\" data-id=\"9aef4ce\" data-element_type=\"widget\" data-widget_type=\"heading.default\">\n\t\t\t\t<div class=\"elementor-widget-container\">\n\t\t\t\t\t<h3 class=\"elementor-heading-title elementor-size-default\"> Climatitzaci\u00f3 i Calefacci\u00f3<\/h3>\t\t\t\t<\/div>\n\t\t\t\t<\/div>\n\t\t\t\t<div class=\"elementor-element elementor-element-dd1e019 elementor-widget elementor-widget-text-editor\" data-id=\"dd1e019\" data-element_type=\"widget\" data-widget_type=\"text-editor.default\">\n\t\t\t\t<div class=\"elementor-widget-container\">\n\t\t\t\t\t\t\t\t\t<p data-start=\"226\" data-end=\"454\">Dissenyem i instal\u00b7lem sistemes de climatitzaci\u00f3 adaptats a les necessitats de cada espai. Treballem amb aire condicionat split, multisplit, conductes i bombes de calor, garantint efici\u00e8ncia energ\u00e8tica i m\u00e0xim confort.<\/p><p data-start=\"456\" data-end=\"782\">A l'hivern, ens encarreguem de la instal\u00b7laci\u00f3 i manteniment de calderes, radiadors i sistemes de calefacci\u00f3 per s\u00f2l radiant.<br data-start=\"587\" data-end=\"590\" \/>Oferim revisions peri\u00f2diques, neteja de filtres, c\u00e0rrega de gas i reparacions urgents.<br data-start=\"681\" data-end=\"684\" \/>Som instal\u00b7ladors autoritzats RITE, la qual cosa assegura una intervenci\u00f3 professional i homologada.<\/p>\t\t\t\t\t\t\t\t<\/div>\n\t\t\t\t<\/div>\n\t\t\t\t\t<\/div>\n\t\t<\/div>\n\t\t\t\t<div class=\"elementor-column elementor-col-33 elementor-inner-column elementor-element elementor-element-276f1155\" data-id=\"276f1155\" data-element_type=\"column\" data-settings=\"{&quot;background_background&quot;:&quot;classic&quot;}\">\n\t\t\t<div class=\"elementor-widget-wrap elementor-element-populated\">\n\t\t\t\t\t\t<div class=\"elementor-element elementor-element-5d1a2a43 elementor-widget elementor-widget-image\" data-id=\"5d1a2a43\" data-element_type=\"widget\" data-widget_type=\"image.default\">\n\t\t\t\t<div class=\"elementor-widget-container\">\n\t\t\t\t\t\t\t\t\t\t\t\t\t\t\t<img decoding=\"async\" width=\"800\" height=\"530\" src=\"https:\/\/ledesmainstalacions.com\/wp-content\/uploads\/2025\/06\/pexels-kindelmedia-9875411-scaled-e1750063252617-1024x679.jpg\" class=\"attachment-large size-large wp-image-301\" alt=\"\" srcset=\"https:\/\/ledesmainstalacions.com\/wp-content\/uploads\/2025\/06\/pexels-kindelmedia-9875411-scaled-e1750063252617-1024x679.jpg 1024w, https:\/\/ledesmainstalacions.com\/wp-content\/uploads\/2025\/06\/pexels-kindelmedia-9875411-scaled-e1750063252617-300x199.jpg 300w, https:\/\/ledesmainstalacions.com\/wp-content\/uploads\/2025\/06\/pexels-kindelmedia-9875411-scaled-e1750063252617-768x509.jpg 768w, https:\/\/ledesmainstalacions.com\/wp-content\/uploads\/2025\/06\/pexels-kindelmedia-9875411-scaled-e1750063252617-1536x1019.jpg 1536w, https:\/\/ledesmainstalacions.com\/wp-content\/uploads\/2025\/06\/pexels-kindelmedia-9875411-scaled-e1750063252617-2048x1358.jpg 2048w\" sizes=\"(max-width: 800px) 100vw, 800px\" \/>\t\t\t\t\t\t\t\t\t\t\t\t\t\t\t<\/div>\n\t\t\t\t<\/div>\n\t\t\t\t<div class=\"elementor-element elementor-element-0c973a7 elementor-widget elementor-widget-heading\" data-id=\"0c973a7\" data-element_type=\"widget\" data-widget_type=\"heading.default\">\n\t\t\t\t<div class=\"elementor-widget-container\">\n\t\t\t\t\t<h3 class=\"elementor-heading-title elementor-size-default\">Lampisteria i Electricitat<\/h3>\t\t\t\t<\/div>\n\t\t\t\t<\/div>\n\t\t\t\t<div class=\"elementor-element elementor-element-1f70525 elementor-widget elementor-widget-text-editor\" data-id=\"1f70525\" data-element_type=\"widget\" data-widget_type=\"text-editor.default\">\n\t\t\t\t<div class=\"elementor-widget-container\">\n\t\t\t\t\t\t\t\t\t<p data-start=\"827\" data-end=\"1052\">Realitzem instal\u00b7lacions completes de lampisteria en obra nova i reformes: xarxes d'aigua freda i calenta, desguassos, sanitaris, escalfadors, termos el\u00e8ctrics i osmosis inversa. Tamb\u00e9 atenem avaries, fugides i desempantanegar.<\/p><p data-start=\"1054\" data-end=\"1356\">En electricitat, muntem quadres el\u00e8ctrics, punts de llum, endolls, cablejat i mecanismes.<br data-start=\"1147\" data-end=\"1150\" \/>A m\u00e9s, reparem curtcircuits, substitu\u00efm diferencials i actualitzem instal\u00b7lacions per a complir amb la normativa vigent.<br data-start=\"1277\" data-end=\"1280\" \/>Treballem tant en habitatges com en locals comercials i comunitats.<\/p>\t\t\t\t\t\t\t\t<\/div>\n\t\t\t\t<\/div>\n\t\t\t\t\t<\/div>\n\t\t<\/div>\n\t\t\t\t<div class=\"elementor-column elementor-col-33 elementor-inner-column elementor-element elementor-element-102176fb\" data-id=\"102176fb\" data-element_type=\"column\" data-settings=\"{&quot;background_background&quot;:&quot;classic&quot;}\">\n\t\t\t<div class=\"elementor-widget-wrap elementor-element-populated\">\n\t\t\t\t\t\t<div class=\"elementor-element elementor-element-56ec1069 elementor-widget elementor-widget-image\" data-id=\"56ec1069\" data-element_type=\"widget\" data-widget_type=\"image.default\">\n\t\t\t\t<div class=\"elementor-widget-container\">\n\t\t\t\t\t\t\t\t\t\t\t\t\t\t\t<img decoding=\"async\" width=\"800\" height=\"534\" src=\"https:\/\/ledesmainstalacions.com\/wp-content\/uploads\/2025\/06\/pexels-cristian-rojas-8853525-1024x684.jpg\" class=\"attachment-large size-large wp-image-302\" alt=\"\" srcset=\"https:\/\/ledesmainstalacions.com\/wp-content\/uploads\/2025\/06\/pexels-cristian-rojas-8853525-1024x684.jpg 1024w, https:\/\/ledesmainstalacions.com\/wp-content\/uploads\/2025\/06\/pexels-cristian-rojas-8853525-300x200.jpg 300w, https:\/\/ledesmainstalacions.com\/wp-content\/uploads\/2025\/06\/pexels-cristian-rojas-8853525-768x513.jpg 768w, https:\/\/ledesmainstalacions.com\/wp-content\/uploads\/2025\/06\/pexels-cristian-rojas-8853525-1536x1026.jpg 1536w, https:\/\/ledesmainstalacions.com\/wp-content\/uploads\/2025\/06\/pexels-cristian-rojas-8853525-2048x1368.jpg 2048w\" sizes=\"(max-width: 800px) 100vw, 800px\" \/>\t\t\t\t\t\t\t\t\t\t\t\t\t\t\t<\/div>\n\t\t\t\t<\/div>\n\t\t\t\t<div class=\"elementor-element elementor-element-5b50a96 elementor-widget elementor-widget-heading\" data-id=\"5b50a96\" data-element_type=\"widget\" data-widget_type=\"heading.default\">\n\t\t\t\t<div class=\"elementor-widget-container\">\n\t\t\t\t\t<h3 class=\"elementor-heading-title elementor-size-default\"> Energia Solar i Sistemes de Reg<\/h3>\t\t\t\t<\/div>\n\t\t\t\t<\/div>\n\t\t\t\t<div class=\"elementor-element elementor-element-cb49398 elementor-widget elementor-widget-text-editor\" data-id=\"cb49398\" data-element_type=\"widget\" data-widget_type=\"text-editor.default\">\n\t\t\t\t<div class=\"elementor-widget-container\">\n\t\t\t\t\t\t\t\t\t<p data-start=\"1409\" data-end=\"1641\">Oferim solucions amb <strong data-start=\"1433\" data-end=\"1473\">energia solar t\u00e8rmica i fotovoltaica<\/strong> per a reduir el consum energ\u00e8tic i apostar per una instal\u00b7laci\u00f3 m\u00e9s sostenible.<br data-start=\"1554\" data-end=\"1557\" \/>Instal\u00b7lem plaques solars, termosifons i sistemes d'autoconsum amb o sense bateria.<\/p><p data-start=\"1643\" data-end=\"1900\">Tamb\u00e9 dissenyem i instal\u00b7lem sistemes de reg automatitzats per a jardins i espais verds, incloent-hi programadors, electrov\u00e0lvules i xarxes de degoteig.<br data-start=\"1802\" data-end=\"1805\" \/>Optimitzem l'\u00fas de l'aigua, estalviant recursos i millorant el rendiment de cada instal\u00b7laci\u00f3.<\/p>\t\t\t\t\t\t\t\t<\/div>\n\t\t\t\t<\/div>\n\t\t\t\t\t<\/div>\n\t\t<\/div>\n\t\t\t\t\t<\/div>\n\t\t<\/section>\n\t\t\t\t<div class=\"elementor-element elementor-element-e8876cd elementor-widget elementor-widget-text-editor\" data-id=\"e8876cd\" data-element_type=\"widget\" data-widget_type=\"text-editor.default\">\n\t\t\t\t<div class=\"elementor-widget-container\">\n\t\t\t\t\t\t\t\t\t<p>M\u00e9s de 25 anys oferint solucions eficients, segures i a mesura.<br data-start=\"322\" data-end=\"325\" \/><strong data-start=\"325\" data-end=\"387\">Confia en Ledesma Instal\u00b7lacions.<\/strong><\/p>\t\t\t\t\t\t\t\t<\/div>\n\t\t\t\t<\/div>\n\t\t\t\t\t<\/div>\n\t\t<\/div>\n\t\t\t\t\t<\/div>\n\t\t<\/section>\n\t\t\t\t<\/div>","protected":false},"excerpt":{"rendered":"<p>Servicios t\u00e9cnicos integrales para tu hogar y negocio Climatizaci\u00f3n y Calefacci\u00f3n Dise\u00f1amos e instalamos sistemas de climatizaci\u00f3n adaptados a las necesidades de cada espacio. Trabajamos con aire acondicionado split, multisplit, conductos y bombas de calor, garantizando eficiencia energ\u00e9tica y m\u00e1ximo confort. En invierno, nos encargamos de la instalaci\u00f3n y mantenimiento de calderas, radiadores y sistemas [&hellip;]<\/p>","protected":false},"author":2,"featured_media":0,"parent":0,"menu_order":0,"comment_status":"closed","ping_status":"closed","template":"","meta":{"footnotes":""},"class_list":["post-79","page","type-page","status-publish","hentry"],"yoast_head":"<!-- This site is optimized with the Yoast SEO plugin v24.2 - https:\/\/yoast.com\/wordpress\/plugins\/seo\/ -->\n<title>Servicios - Ledesma<\/title>\n<meta name=\"robots\" content=\"index, follow, max-snippet:-1, max-image-preview:large, max-video-preview:-1\" \/>\n<link rel=\"canonical\" href=\"https:\/\/ledesmainstalacions.com\/ca\/servicios\/\" \/>\n<meta property=\"og:locale\" content=\"ca_ES\" \/>\n<meta property=\"og:type\" content=\"article\" \/>\n<meta property=\"og:title\" content=\"Servicios - Ledesma\" \/>\n<meta property=\"og:description\" content=\"Servicios t\u00e9cnicos integrales para tu hogar y negocio Climatizaci\u00f3n y Calefacci\u00f3n Dise\u00f1amos e instalamos sistemas de climatizaci\u00f3n adaptados a las necesidades de cada espacio. Trabajamos con aire acondicionado split, multisplit, conductos y bombas de calor, garantizando eficiencia energ\u00e9tica y m\u00e1ximo confort. En invierno, nos encargamos de la instalaci\u00f3n y mantenimiento de calderas, radiadores y sistemas [&hellip;]\" \/>\n<meta property=\"og:url\" content=\"https:\/\/ledesmainstalacions.com\/ca\/servicios\/\" \/>\n<meta property=\"og:site_name\" content=\"Ledesma\" \/>\n<meta property=\"article:modified_time\" content=\"2025-06-18T07:19:59+00:00\" \/>\n<meta property=\"og:image\" content=\"https:\/\/ledesmainstalacions.com\/wp-content\/uploads\/2025\/06\/pexels-field-engineer-147254-442160-1024x683.jpg\" \/>\n<meta name=\"twitter:card\" content=\"summary_large_image\" \/>\n<meta name=\"twitter:label1\" content=\"Temps estimat de lectura\" \/>\n\t<meta name=\"twitter:data1\" content=\"2 minuts\" \/>\n<script type=\"application\/ld+json\" class=\"yoast-schema-graph\">{\"@context\":\"https:\/\/schema.org\",\"@graph\":[{\"@type\":\"WebPage\",\"@id\":\"https:\/\/ledesmainstalacions.com\/ca\/servicios\/\",\"url\":\"https:\/\/ledesmainstalacions.com\/ca\/servicios\/\",\"name\":\"Servicios - Ledesma\",\"isPartOf\":{\"@id\":\"https:\/\/powderblue-gnat-963498.hostingersite.com\/#website\"},\"primaryImageOfPage\":{\"@id\":\"https:\/\/ledesmainstalacions.com\/ca\/servicios\/#primaryimage\"},\"image\":{\"@id\":\"https:\/\/ledesmainstalacions.com\/ca\/servicios\/#primaryimage\"},\"thumbnailUrl\":\"https:\/\/ledesmainstalacions.com\/wp-content\/uploads\/2025\/06\/pexels-field-engineer-147254-442160-1024x683.jpg\",\"datePublished\":\"2025-01-10T07:46:49+00:00\",\"dateModified\":\"2025-06-18T07:19:59+00:00\",\"breadcrumb\":{\"@id\":\"https:\/\/ledesmainstalacions.com\/ca\/servicios\/#breadcrumb\"},\"inLanguage\":\"ca\",\"potentialAction\":[{\"@type\":\"ReadAction\",\"target\":[\"https:\/\/ledesmainstalacions.com\/ca\/servicios\/\"]}]},{\"@type\":\"ImageObject\",\"inLanguage\":\"ca\",\"@id\":\"https:\/\/ledesmainstalacions.com\/ca\/servicios\/#primaryimage\",\"url\":\"https:\/\/ledesmainstalacions.com\/wp-content\/uploads\/2025\/06\/pexels-field-engineer-147254-442160-1024x683.jpg\",\"contentUrl\":\"https:\/\/ledesmainstalacions.com\/wp-content\/uploads\/2025\/06\/pexels-field-engineer-147254-442160-1024x683.jpg\"},{\"@type\":\"BreadcrumbList\",\"@id\":\"https:\/\/ledesmainstalacions.com\/ca\/servicios\/#breadcrumb\",\"itemListElement\":[{\"@type\":\"ListItem\",\"position\":1,\"name\":\"Home\",\"item\":\"https:\/\/powderblue-gnat-963498.hostingersite.com\/\"},{\"@type\":\"ListItem\",\"position\":2,\"name\":\"Servicios\"}]},{\"@type\":\"WebSite\",\"@id\":\"https:\/\/powderblue-gnat-963498.hostingersite.com\/#website\",\"url\":\"https:\/\/powderblue-gnat-963498.hostingersite.com\/\",\"name\":\"Ledesma\",\"description\":\"Ledesma\",\"publisher\":{\"@id\":\"https:\/\/powderblue-gnat-963498.hostingersite.com\/#organization\"},\"potentialAction\":[{\"@type\":\"SearchAction\",\"target\":{\"@type\":\"EntryPoint\",\"urlTemplate\":\"https:\/\/powderblue-gnat-963498.hostingersite.com\/?s={search_term_string}\"},\"query-input\":{\"@type\":\"PropertyValueSpecification\",\"valueRequired\":true,\"valueName\":\"search_term_string\"}}],\"inLanguage\":\"ca\"},{\"@type\":\"Organization\",\"@id\":\"https:\/\/powderblue-gnat-963498.hostingersite.com\/#organization\",\"name\":\"Ledesma\",\"url\":\"https:\/\/powderblue-gnat-963498.hostingersite.com\/\",\"logo\":{\"@type\":\"ImageObject\",\"inLanguage\":\"ca\",\"@id\":\"https:\/\/powderblue-gnat-963498.hostingersite.com\/#\/schema\/logo\/image\/\",\"url\":\"https:\/\/ledesmainstalacions.com\/wp-content\/uploads\/2025\/06\/cropped-LEDESMA-logo-02.pdf-e1750062212988.png\",\"contentUrl\":\"https:\/\/ledesmainstalacions.com\/wp-content\/uploads\/2025\/06\/cropped-LEDESMA-logo-02.pdf-e1750062212988.png\",\"width\":1413,\"height\":317,\"caption\":\"Ledesma\"},\"image\":{\"@id\":\"https:\/\/powderblue-gnat-963498.hostingersite.com\/#\/schema\/logo\/image\/\"}}]}<\/script>\n<!-- \/ Yoast SEO plugin. -->","yoast_head_json":{"title":"Servicios - Ledesma","robots":{"index":"index","follow":"follow","max-snippet":"max-snippet:-1","max-image-preview":"max-image-preview:large","max-video-preview":"max-video-preview:-1"},"canonical":"https:\/\/ledesmainstalacions.com\/ca\/servicios\/","og_locale":"ca_ES","og_type":"article","og_title":"Servicios - Ledesma","og_description":"Servicios t\u00e9cnicos integrales para tu hogar y negocio Climatizaci\u00f3n y Calefacci\u00f3n Dise\u00f1amos e instalamos sistemas de climatizaci\u00f3n adaptados a las necesidades de cada espacio. Trabajamos con aire acondicionado split, multisplit, conductos y bombas de calor, garantizando eficiencia energ\u00e9tica y m\u00e1ximo confort. En invierno, nos encargamos de la instalaci\u00f3n y mantenimiento de calderas, radiadores y sistemas [&hellip;]","og_url":"https:\/\/ledesmainstalacions.com\/ca\/servicios\/","og_site_name":"Ledesma","article_modified_time":"2025-06-18T07:19:59+00:00","og_image":[{"url":"https:\/\/ledesmainstalacions.com\/wp-content\/uploads\/2025\/06\/pexels-field-engineer-147254-442160-1024x683.jpg","type":"","width":"","height":""}],"twitter_card":"summary_large_image","twitter_misc":{"Temps estimat de lectura":"2 minuts"},"schema":{"@context":"https:\/\/schema.org","@graph":[{"@type":"WebPage","@id":"https:\/\/ledesmainstalacions.com\/ca\/servicios\/","url":"https:\/\/ledesmainstalacions.com\/ca\/servicios\/","name":"Servicios - Ledesma","isPartOf":{"@id":"https:\/\/powderblue-gnat-963498.hostingersite.com\/#website"},"primaryImageOfPage":{"@id":"https:\/\/ledesmainstalacions.com\/ca\/servicios\/#primaryimage"},"image":{"@id":"https:\/\/ledesmainstalacions.com\/ca\/servicios\/#primaryimage"},"thumbnailUrl":"https:\/\/ledesmainstalacions.com\/wp-content\/uploads\/2025\/06\/pexels-field-engineer-147254-442160-1024x683.jpg","datePublished":"2025-01-10T07:46:49+00:00","dateModified":"2025-06-18T07:19:59+00:00","breadcrumb":{"@id":"https:\/\/ledesmainstalacions.com\/ca\/servicios\/#breadcrumb"},"inLanguage":"ca","potentialAction":[{"@type":"ReadAction","target":["https:\/\/ledesmainstalacions.com\/ca\/servicios\/"]}]},{"@type":"ImageObject","inLanguage":"ca","@id":"https:\/\/ledesmainstalacions.com\/ca\/servicios\/#primaryimage","url":"https:\/\/ledesmainstalacions.com\/wp-content\/uploads\/2025\/06\/pexels-field-engineer-147254-442160-1024x683.jpg","contentUrl":"https:\/\/ledesmainstalacions.com\/wp-content\/uploads\/2025\/06\/pexels-field-engineer-147254-442160-1024x683.jpg"},{"@type":"BreadcrumbList","@id":"https:\/\/ledesmainstalacions.com\/ca\/servicios\/#breadcrumb","itemListElement":[{"@type":"ListItem","position":1,"name":"Home","item":"https:\/\/powderblue-gnat-963498.hostingersite.com\/"},{"@type":"ListItem","position":2,"name":"Servicios"}]},{"@type":"WebSite","@id":"https:\/\/powderblue-gnat-963498.hostingersite.com\/#website","url":"https:\/\/powderblue-gnat-963498.hostingersite.com\/","name":"Ledesma","description":"Ledesma","publisher":{"@id":"https:\/\/powderblue-gnat-963498.hostingersite.com\/#organization"},"potentialAction":[{"@type":"SearchAction","target":{"@type":"EntryPoint","urlTemplate":"https:\/\/powderblue-gnat-963498.hostingersite.com\/?s={search_term_string}"},"query-input":{"@type":"PropertyValueSpecification","valueRequired":true,"valueName":"search_term_string"}}],"inLanguage":"ca"},{"@type":"Organization","@id":"https:\/\/powderblue-gnat-963498.hostingersite.com\/#organization","name":"Ledesma","url":"https:\/\/powderblue-gnat-963498.hostingersite.com\/","logo":{"@type":"ImageObject","inLanguage":"ca","@id":"https:\/\/powderblue-gnat-963498.hostingersite.com\/#\/schema\/logo\/image\/","url":"https:\/\/ledesmainstalacions.com\/wp-content\/uploads\/2025\/06\/cropped-LEDESMA-logo-02.pdf-e1750062212988.png","contentUrl":"https:\/\/ledesmainstalacions.com\/wp-content\/uploads\/2025\/06\/cropped-LEDESMA-logo-02.pdf-e1750062212988.png","width":1413,"height":317,"caption":"Ledesma"},"image":{"@id":"https:\/\/powderblue-gnat-963498.hostingersite.com\/#\/schema\/logo\/image\/"}}]}},"_links":{"self":[{"href":"https:\/\/ledesmainstalacions.com\/ca\/wp-json\/wp\/v2\/pages\/79","targetHints":{"allow":["GET"]}}],"collection":[{"href":"https:\/\/ledesmainstalacions.com\/ca\/wp-json\/wp\/v2\/pages"}],"about":[{"href":"https:\/\/ledesmainstalacions.com\/ca\/wp-json\/wp\/v2\/types\/page"}],"author":[{"embeddable":true,"href":"https:\/\/ledesmainstalacions.com\/ca\/wp-json\/wp\/v2\/users\/2"}],"replies":[{"embeddable":true,"href":"https:\/\/ledesmainstalacions.com\/ca\/wp-json\/wp\/v2\/comments?post=79"}],"version-history":[{"count":0,"href":"https:\/\/ledesmainstalacions.com\/ca\/wp-json\/wp\/v2\/pages\/79\/revisions"}],"wp:attachment":[{"href":"https:\/\/ledesmainstalacions.com\/ca\/wp-json\/wp\/v2\/media?parent=79"}],"curies":[{"name":"wp","href":"https:\/\/api.w.org\/{rel}","templated":true}]}}